{"id":13,"date":"2024-08-30T13:56:49","date_gmt":"2024-08-30T13:56:49","guid":{"rendered":"https:\/\/uskudarvalidesultan.org\/?page_id=13"},"modified":"2024-08-30T13:56:49","modified_gmt":"2024-08-30T13:56:49","slug":"iletisim","status":"publish","type":"page","link":"https:\/\/uskudarvalidesultan.org\/?page_id=13","title":{"rendered":"\u0130leti\u015fim"},"content":{"rendered":"\n<div class=\"wp-block-group alignwide has-global-padding is-layout-constrained wp-container-core-group-is-layout-d89aad35 wp-block-group-is-layout-constrained\" style=\"margin-top:0;margin-bottom:0;padding-top:var(--wp--preset--spacing--50);padding-right:var(--wp--preset--spacing--50);padding-bottom:var(--wp--preset--spacing--50);padding-left:var(--wp--preset--spacing--50)\">\n<div class=\"wp-block-columns alignwide are-vertically-aligned-center is-layout-flex wp-container-core-columns-is-layout-47c06fe3 wp-block-columns-is-layout-flex\">\n<div class=\"wp-block-column is-vertically-aligned-center is-layout-flow wp-block-column-is-layout-flow\" style=\"flex-basis:100%\">\n<h2 class=\"wp-block-heading has-text-align-center\"><strong>\u00dcsk\u00fcdar Valide Sultan E\u011fitim ve K\u00fclt\u00fcre Yard\u0131m Derne\u011fi<\/strong><\/h2>\n\n\n\n<hr class=\"wp-block-separator aligncenter has-alpha-channel-opacity\" style=\"margin-top:var(--wp--preset--spacing--30);margin-bottom:var(--wp--preset--spacing--30)\"\/>\n\n\n\n<h4 class=\"wp-block-heading has-text-align-center\"><strong>E-Posta:<\/strong> uskudarvalidesultandernegi@gmail.com<\/h4>\n\n\n\n<h4 class=\"wp-block-heading has-text-align-center\"><strong>Adres:<\/strong> Valide-i Atik Mahallesi Kartalbaba Caddesi No: 12\/1 \u00dcsk\u00fcdar\/\u0130stanbul<\/h4>\n<\/div>\n<\/div>\n<\/div>\n\n\n\n<p><\/p>\n","protected":false},"excerpt":{"rendered":"<p>\u00dcsk\u00fcdar Valide Sultan E\u011fitim ve K\u00fclt\u00fcre Yard\u0131m Derne\u011fi E-Posta: uskudarvalidesultandernegi@gmail.com Adres: Valide-i Atik Mahallesi Kartalbaba Caddesi No: 12\/1 \u00dcsk\u00fcdar\/\u0130stanbul<\/p>\n","protected":false},"author":1,"featured_media":0,"parent":0,"menu_order":0,"comment_status":"open","ping_status":"closed","template":"","meta":{"footnotes":""},"class_list":["post-13","page","type-page","status-publish","hentry"],"_links":{"self":[{"href":"https:\/\/uskudarvalidesultan.org\/index.php?rest_route=\/wp\/v2\/pages\/13","targetHints":{"allow":["GET"]}}],"collection":[{"href":"https:\/\/uskudarvalidesultan.org\/index.php?rest_route=\/wp\/v2\/pages"}],"about":[{"href":"https:\/\/uskudarvalidesultan.org\/index.php?rest_route=\/wp\/v2\/types\/page"}],"author":[{"embeddable":true,"href":"https:\/\/uskudarvalidesultan.org\/index.php?rest_route=\/wp\/v2\/users\/1"}],"replies":[{"embeddable":true,"href":"https:\/\/uskudarvalidesultan.org\/index.php?rest_route=%2Fwp%2Fv2%2Fcomments&post=13"}],"version-history":[{"count":1,"href":"https:\/\/uskudarvalidesultan.org\/index.php?rest_route=\/wp\/v2\/pages\/13\/revisions"}],"predecessor-version":[{"id":14,"href":"https:\/\/uskudarvalidesultan.org\/index.php?rest_route=\/wp\/v2\/pages\/13\/revisions\/14"}],"wp:attachment":[{"href":"https:\/\/uskudarvalidesultan.org\/index.php?rest_route=%2Fwp%2Fv2%2Fmedia&parent=13"}],"curies":[{"name":"wp","href":"https:\/\/api.w.org\/{rel}","templated":true}]}}