{"id":7,"date":"2024-08-30T13:12:39","date_gmt":"2024-08-30T13:12:39","guid":{"rendered":"https:\/\/uskudarvalidesultan.org\/?page_id=7"},"modified":"2024-08-30T13:12:39","modified_gmt":"2024-08-30T13:12:39","slug":"biz-kimiz","status":"publish","type":"page","link":"https:\/\/uskudarvalidesultan.org\/?page_id=7","title":{"rendered":"Biz Kimiz"},"content":{"rendered":"\n<div class=\"wp-block-group alignfull has-accent-background-color has-background has-global-padding is-layout-constrained wp-container-core-group-is-layout-669513ed wp-block-group-is-layout-constrained\" style=\"margin-top:0;margin-bottom:0;padding-top:var(--wp--preset--spacing--50);padding-right:var(--wp--preset--spacing--50);padding-bottom:var(--wp--preset--spacing--50);padding-left:var(--wp--preset--spacing--50)\">\n<div class=\"wp-block-columns alignwide is-layout-flex wp-container-core-columns-is-layout-1da03c2a wp-block-columns-is-layout-flex\">\n<div class=\"wp-block-column is-vertically-aligned-stretch is-layout-flow wp-block-column-is-layout-flow\" style=\"flex-basis:50%\">\n<div class=\"wp-block-group is-vertical is-content-justification-stretch is-layout-flex wp-container-core-group-is-layout-444d5ee8 wp-block-group-is-layout-flex\" style=\"min-height:100%\">\n<p class=\"has-heading-font-family has-x-large-font-size\" style=\"line-height:1.2\"><strong>T\u00fcrkiye s\u0131n\u0131rlar\u0131 i\u00e7inde ve yurtd\u0131\u015f\u0131nda,<\/strong> \u00f6zellikle de Balkan \u00dclkelerinde, ola\u011fan hallerde veya ola\u011fan\u00fcst\u00fc hallerde; <strong>din, dil, \u0131rk, cinsiyet ve k\u00fclt\u00fcr gibi hi\u00e7bir ayr\u0131m g\u00f6zetmeksizin<\/strong> insanl\u0131\u011f\u0131n e\u011fitim, bar\u0131nma, g\u0131da ve sa\u011fl\u0131k gibi insani ihtiya\u00e7lar\u0131n\u0131 kar\u015f\u0131lamak ve k\u00fclt\u00fcrel ve sosyal geli\u015fimine yard\u0131mc\u0131 olmak \u00fczere kurulmu\u015f bir derne\u011fiz.<\/p>\n<\/div>\n<\/div>\n\n\n\n<div class=\"wp-block-column is-vertically-aligned-center is-layout-flow wp-block-column-is-layout-flow\" style=\"flex-basis:50%\">\n<figure class=\"wp-block-image size-large is-style-rounded is-style-rounded--1\"><img decoding=\"async\" src=\"https:\/\/balkanlar.org\/wp-content\/uploads\/2023\/12\/lera-nekrashevich-Ss3f60PMMG4-unsplash-min-768x1024.jpg\" alt=\"\" class=\"wp-image-123\" style=\"aspect-ratio:2\/3;object-fit:cover\"\/><\/figure>\n<\/div>\n<\/div>\n<\/div>\n\n\n\n<p><\/p>\n","protected":false},"excerpt":{"rendered":"<p>T\u00fcrkiye s\u0131n\u0131rlar\u0131 i\u00e7inde ve yurtd\u0131\u015f\u0131nda, \u00f6zellikle de Balkan \u00dclkelerinde, ola\u011fan hallerde veya ola\u011fan\u00fcst\u00fc hallerde; din, dil, \u0131rk, cinsiyet ve k\u00fclt\u00fcr gibi hi\u00e7bir ayr\u0131m g\u00f6zetmeksizin insanl\u0131\u011f\u0131n e\u011fitim, bar\u0131nma, g\u0131da ve sa\u011fl\u0131k gibi insani ihtiya\u00e7lar\u0131n\u0131 kar\u015f\u0131lamak ve k\u00fclt\u00fcrel ve sosyal geli\u015fimine yard\u0131mc\u0131 olmak \u00fczere kurulmu\u015f bir derne\u011fiz.<\/p>\n","protected":false},"author":1,"featured_media":0,"parent":0,"menu_order":0,"comment_status":"closed","ping_status":"closed","template":"","meta":{"footnotes":""},"class_list":["post-7","page","type-page","status-publish","hentry"],"_links":{"self":[{"href":"https:\/\/uskudarvalidesultan.org\/index.php?rest_route=\/wp\/v2\/pages\/7","targetHints":{"allow":["GET"]}}],"collection":[{"href":"https:\/\/uskudarvalidesultan.org\/index.php?rest_route=\/wp\/v2\/pages"}],"about":[{"href":"https:\/\/uskudarvalidesultan.org\/index.php?rest_route=\/wp\/v2\/types\/page"}],"author":[{"embeddable":true,"href":"https:\/\/uskudarvalidesultan.org\/index.php?rest_route=\/wp\/v2\/users\/1"}],"replies":[{"embeddable":true,"href":"https:\/\/uskudarvalidesultan.org\/index.php?rest_route=%2Fwp%2Fv2%2Fcomments&post=7"}],"version-history":[{"count":1,"href":"https:\/\/uskudarvalidesultan.org\/index.php?rest_route=\/wp\/v2\/pages\/7\/revisions"}],"predecessor-version":[{"id":8,"href":"https:\/\/uskudarvalidesultan.org\/index.php?rest_route=\/wp\/v2\/pages\/7\/revisions\/8"}],"wp:attachment":[{"href":"https:\/\/uskudarvalidesultan.org\/index.php?rest_route=%2Fwp%2Fv2%2Fmedia&parent=7"}],"curies":[{"name":"wp","href":"https:\/\/api.w.org\/{rel}","templated":true}]}}